{"id":49,"date":"2024-01-09T09:32:48","date_gmt":"2024-01-09T09:32:48","guid":{"rendered":"https:\/\/coolongalook-parc-aventure.com\/?page_id=49"},"modified":"2026-03-20T17:44:46","modified_gmt":"2026-03-20T17:44:46","slug":"groupes","status":"publish","type":"page","link":"https:\/\/coolongalook-parc-aventure.com\/en\/groupes\/","title":{"rendered":"Groups"},"content":{"rendered":"","protected":false},"excerpt":{"rendered":"","protected":false},"author":1,"featured_media":0,"parent":0,"menu_order":5,"comment_status":"closed","ping_status":"closed","template":"elementor_header_footer","meta":{"footnotes":""},"class_list":["post-49","page","type-page","status-publish","hentry"],"yoast_head":"<!-- This site is optimized with the Yoast SEO plugin v27.4 - https:\/\/yoast.com\/product\/yoast-seo-wordpress\/ -->\n<title>Groupes - Coolongalook - Parc Aventure - Royan<\/title>\n<meta name=\"description\" content=\"Formules groupes cl\u00e9s en mains flexible avec des activit\u00e9s authentiques, outdoor et nature sur une demi-journ\u00e9e ou une journ\u00e9e compl\u00e8te.\" \/>\n<meta name=\"robots\" content=\"index, follow, max-snippet:-1, max-image-preview:large, max-video-preview:-1\" \/>\n<link rel=\"canonical\" href=\"https:\/\/coolongalook-parc-aventure.com\/en\/groupes\/\" \/>\n<meta property=\"og:locale\" content=\"en_GB\" \/>\n<meta property=\"og:type\" content=\"article\" \/>\n<meta property=\"og:title\" content=\"Groupes - Coolongalook - Parc Aventure - Royan\" \/>\n<meta property=\"og:description\" content=\"Formules groupes cl\u00e9s en mains flexible avec des activit\u00e9s authentiques, outdoor et nature sur une demi-journ\u00e9e ou une journ\u00e9e compl\u00e8te.\" \/>\n<meta property=\"og:url\" content=\"https:\/\/coolongalook-parc-aventure.com\/en\/groupes\/\" \/>\n<meta property=\"og:site_name\" content=\"Coolongalook - Parc Aventure - Royan\" \/>\n<meta property=\"article:publisher\" content=\"https:\/\/www.facebook.com\/coolongalook.parc.aventure\/?locale=fr_FR\" \/>\n<meta property=\"article:modified_time\" content=\"2026-03-20T17:44:46+00:00\" \/>\n<meta property=\"og:image\" content=\"https:\/\/coolongalook-parc-aventure.com\/wp-content\/uploads\/2024\/01\/damiendufour-ccdc-coolongalook-10-2-scaled.jpeg\" \/>\n\t<meta property=\"og:image:width\" content=\"2560\" \/>\n\t<meta property=\"og:image:height\" content=\"1707\" \/>\n\t<meta property=\"og:image:type\" content=\"image\/jpeg\" \/>\n<meta name=\"twitter:card\" content=\"summary_large_image\" \/>\n<script type=\"application\/ld+json\" class=\"yoast-schema-graph\">{\"@context\":\"https:\\\/\\\/schema.org\",\"@graph\":[{\"@type\":\"WebPage\",\"@id\":\"https:\\\/\\\/coolongalook-parc-aventure.com\\\/groupes\\\/\",\"url\":\"https:\\\/\\\/coolongalook-parc-aventure.com\\\/groupes\\\/\",\"name\":\"Groupes - Coolongalook - Parc Aventure - Royan\",\"isPartOf\":{\"@id\":\"https:\\\/\\\/coolongalook-parc-aventure.com\\\/#website\"},\"datePublished\":\"2024-01-09T09:32:48+00:00\",\"dateModified\":\"2026-03-20T17:44:46+00:00\",\"description\":\"Formules groupes cl\u00e9s en mains flexible avec des activit\u00e9s authentiques, outdoor et nature sur une demi-journ\u00e9e ou une journ\u00e9e compl\u00e8te.\",\"breadcrumb\":{\"@id\":\"https:\\\/\\\/coolongalook-parc-aventure.com\\\/groupes\\\/#breadcrumb\"},\"inLanguage\":\"en-GB\",\"potentialAction\":[{\"@type\":\"ReadAction\",\"target\":[\"https:\\\/\\\/coolongalook-parc-aventure.com\\\/groupes\\\/\"]}]},{\"@type\":\"BreadcrumbList\",\"@id\":\"https:\\\/\\\/coolongalook-parc-aventure.com\\\/groupes\\\/#breadcrumb\",\"itemListElement\":[{\"@type\":\"ListItem\",\"position\":1,\"name\":\"Accueil\",\"item\":\"https:\\\/\\\/coolongalook-parc-aventure.com\\\/\"},{\"@type\":\"ListItem\",\"position\":2,\"name\":\"Groupes\"}]},{\"@type\":\"WebSite\",\"@id\":\"https:\\\/\\\/coolongalook-parc-aventure.com\\\/#website\",\"url\":\"https:\\\/\\\/coolongalook-parc-aventure.com\\\/\",\"name\":\"Coolongalook - Parc Aventure - Royan\",\"description\":\"Parc Aventure - Royan\",\"publisher\":{\"@id\":\"https:\\\/\\\/coolongalook-parc-aventure.com\\\/#organization\"},\"alternateName\":\"Coolongalook\",\"potentialAction\":[{\"@type\":\"SearchAction\",\"target\":{\"@type\":\"EntryPoint\",\"urlTemplate\":\"https:\\\/\\\/coolongalook-parc-aventure.com\\\/?s={search_term_string}\"},\"query-input\":{\"@type\":\"PropertyValueSpecification\",\"valueRequired\":true,\"valueName\":\"search_term_string\"}}],\"inLanguage\":\"en-GB\"},{\"@type\":\"Organization\",\"@id\":\"https:\\\/\\\/coolongalook-parc-aventure.com\\\/#organization\",\"name\":\"Coolongalook\",\"alternateName\":\"Coolongalook\",\"url\":\"https:\\\/\\\/coolongalook-parc-aventure.com\\\/\",\"logo\":{\"@type\":\"ImageObject\",\"inLanguage\":\"en-GB\",\"@id\":\"https:\\\/\\\/coolongalook-parc-aventure.com\\\/#\\\/schema\\\/logo\\\/image\\\/\",\"url\":\"https:\\\/\\\/coolongalook-parc-aventure.com\\\/wp-content\\\/uploads\\\/2024\\\/01\\\/logo-coolongalook-web.png\",\"contentUrl\":\"https:\\\/\\\/coolongalook-parc-aventure.com\\\/wp-content\\\/uploads\\\/2024\\\/01\\\/logo-coolongalook-web.png\",\"width\":800,\"height\":350,\"caption\":\"Coolongalook\"},\"image\":{\"@id\":\"https:\\\/\\\/coolongalook-parc-aventure.com\\\/#\\\/schema\\\/logo\\\/image\\\/\"},\"sameAs\":[\"https:\\\/\\\/www.facebook.com\\\/coolongalook.parc.aventure\\\/?locale=fr_FR\",\"https:\\\/\\\/www.instagram.com\\\/coolongalookparcaventure\\\/\",\"https:\\\/\\\/g.page\\\/coolongalook?share\",\"https:\\\/\\\/www.youtube.com\\\/channel\\\/UC4S9ehcR6X9inyqiEtCAYOQ\",\"https:\\\/\\\/www.tripadvisor.fr\\\/Attraction_Review-g207350-d4406843-Reviews-Coolongalook_Parc_Aventure-Royan_Charente_Maritime_Nouvelle_Aquitaine.html\"]}]}<\/script>\n<!-- \/ Yoast SEO plugin. -->","yoast_head_json":{"title":"Groupes - Coolongalook - Parc Aventure - Royan","description":"Formules groupes cl\u00e9s en mains flexible avec des activit\u00e9s authentiques, outdoor et nature sur une demi-journ\u00e9e ou une journ\u00e9e compl\u00e8te.","robots":{"index":"index","follow":"follow","max-snippet":"max-snippet:-1","max-image-preview":"max-image-preview:large","max-video-preview":"max-video-preview:-1"},"canonical":"https:\/\/coolongalook-parc-aventure.com\/en\/groupes\/","og_locale":"en_GB","og_type":"article","og_title":"Groupes - Coolongalook - Parc Aventure - Royan","og_description":"Formules groupes cl\u00e9s en mains flexible avec des activit\u00e9s authentiques, outdoor et nature sur une demi-journ\u00e9e ou une journ\u00e9e compl\u00e8te.","og_url":"https:\/\/coolongalook-parc-aventure.com\/en\/groupes\/","og_site_name":"Coolongalook - Parc Aventure - Royan","article_publisher":"https:\/\/www.facebook.com\/coolongalook.parc.aventure\/?locale=fr_FR","article_modified_time":"2026-03-20T17:44:46+00:00","og_image":[{"width":2560,"height":1707,"url":"https:\/\/coolongalook-parc-aventure.com\/wp-content\/uploads\/2024\/01\/damiendufour-ccdc-coolongalook-10-2-scaled.jpeg","type":"image\/jpeg"}],"twitter_card":"summary_large_image","schema":{"@context":"https:\/\/schema.org","@graph":[{"@type":"WebPage","@id":"https:\/\/coolongalook-parc-aventure.com\/groupes\/","url":"https:\/\/coolongalook-parc-aventure.com\/groupes\/","name":"Groupes - Coolongalook - Parc Aventure - Royan","isPartOf":{"@id":"https:\/\/coolongalook-parc-aventure.com\/#website"},"datePublished":"2024-01-09T09:32:48+00:00","dateModified":"2026-03-20T17:44:46+00:00","description":"Formules groupes cl\u00e9s en mains flexible avec des activit\u00e9s authentiques, outdoor et nature sur une demi-journ\u00e9e ou une journ\u00e9e compl\u00e8te.","breadcrumb":{"@id":"https:\/\/coolongalook-parc-aventure.com\/groupes\/#breadcrumb"},"inLanguage":"en-GB","potentialAction":[{"@type":"ReadAction","target":["https:\/\/coolongalook-parc-aventure.com\/groupes\/"]}]},{"@type":"BreadcrumbList","@id":"https:\/\/coolongalook-parc-aventure.com\/groupes\/#breadcrumb","itemListElement":[{"@type":"ListItem","position":1,"name":"Accueil","item":"https:\/\/coolongalook-parc-aventure.com\/"},{"@type":"ListItem","position":2,"name":"Groupes"}]},{"@type":"WebSite","@id":"https:\/\/coolongalook-parc-aventure.com\/#website","url":"https:\/\/coolongalook-parc-aventure.com\/","name":"Coolongalook - Parc Aventure - Royan","description":"Parc Aventure - Royan","publisher":{"@id":"https:\/\/coolongalook-parc-aventure.com\/#organization"},"alternateName":"Coolongalook","potentialAction":[{"@type":"SearchAction","target":{"@type":"EntryPoint","urlTemplate":"https:\/\/coolongalook-parc-aventure.com\/?s={search_term_string}"},"query-input":{"@type":"PropertyValueSpecification","valueRequired":true,"valueName":"search_term_string"}}],"inLanguage":"en-GB"},{"@type":"Organization","@id":"https:\/\/coolongalook-parc-aventure.com\/#organization","name":"Coolongalook","alternateName":"Coolongalook","url":"https:\/\/coolongalook-parc-aventure.com\/","logo":{"@type":"ImageObject","inLanguage":"en-GB","@id":"https:\/\/coolongalook-parc-aventure.com\/#\/schema\/logo\/image\/","url":"https:\/\/coolongalook-parc-aventure.com\/wp-content\/uploads\/2024\/01\/logo-coolongalook-web.png","contentUrl":"https:\/\/coolongalook-parc-aventure.com\/wp-content\/uploads\/2024\/01\/logo-coolongalook-web.png","width":800,"height":350,"caption":"Coolongalook"},"image":{"@id":"https:\/\/coolongalook-parc-aventure.com\/#\/schema\/logo\/image\/"},"sameAs":["https:\/\/www.facebook.com\/coolongalook.parc.aventure\/?locale=fr_FR","https:\/\/www.instagram.com\/coolongalookparcaventure\/","https:\/\/g.page\/coolongalook?share","https:\/\/www.youtube.com\/channel\/UC4S9ehcR6X9inyqiEtCAYOQ","https:\/\/www.tripadvisor.fr\/Attraction_Review-g207350-d4406843-Reviews-Coolongalook_Parc_Aventure-Royan_Charente_Maritime_Nouvelle_Aquitaine.html"]}]}},"_links":{"self":[{"href":"https:\/\/coolongalook-parc-aventure.com\/en\/wp-json\/wp\/v2\/pages\/49","targetHints":{"allow":["GET"]}}],"collection":[{"href":"https:\/\/coolongalook-parc-aventure.com\/en\/wp-json\/wp\/v2\/pages"}],"about":[{"href":"https:\/\/coolongalook-parc-aventure.com\/en\/wp-json\/wp\/v2\/types\/page"}],"author":[{"embeddable":true,"href":"https:\/\/coolongalook-parc-aventure.com\/en\/wp-json\/wp\/v2\/users\/1"}],"replies":[{"embeddable":true,"href":"https:\/\/coolongalook-parc-aventure.com\/en\/wp-json\/wp\/v2\/comments?post=49"}],"version-history":[{"count":137,"href":"https:\/\/coolongalook-parc-aventure.com\/en\/wp-json\/wp\/v2\/pages\/49\/revisions"}],"predecessor-version":[{"id":4822,"href":"https:\/\/coolongalook-parc-aventure.com\/en\/wp-json\/wp\/v2\/pages\/49\/revisions\/4822"}],"wp:attachment":[{"href":"https:\/\/coolongalook-parc-aventure.com\/en\/wp-json\/wp\/v2\/media?parent=49"}],"curies":[{"name":"wp","href":"https:\/\/api.w.org\/{rel}","templated":true}]}}